{"id":2,"date":"2020-01-21T17:07:11","date_gmt":"2020-01-21T16:07:11","guid":{"rendered":"https:\/\/www.cyclonord.org\/?page_id=2"},"modified":"2025-01-28T11:21:02","modified_gmt":"2025-01-28T16:21:02","slug":"page-d-exemple","status":"publish","type":"page","link":"https:\/\/www.cyclonord.org\/","title":{"rendered":"Accueil"},"content":{"rendered":"","protected":false},"excerpt":{"rendered":"","protected":false},"author":3,"featured_media":0,"parent":0,"menu_order":0,"comment_status":"closed","ping_status":"open","template":"","meta":{"_acf_changed":false,"footnotes":""},"class_list":["post-2","page","type-page","status-publish","hentry"],"acf":[],"yoast_head":"<!-- This site is optimized with the Yoast SEO plugin v27.6 - https:\/\/yoast.com\/product\/yoast-seo-wordpress\/ -->\n<title>Accueil - Cyclo&#039;Nord<\/title>\n<meta name=\"description\" content=\"Le club de v\u00e9lo Cycl&#039;O Nord est une entreprise \u00e0 but non lucratif, dont la principale mission est d&#039;offrir \u00e0 ses membres une fa\u00e7on saine et non comp\u00e9titive de profiter du plein air par la pratique du v\u00e9lo de route.\" \/>\n<meta name=\"robots\" content=\"index, follow, max-snippet:-1, max-image-preview:large, max-video-preview:-1\" \/>\n<link rel=\"canonical\" href=\"https:\/\/www.cyclonord.org\/\" \/>\n<meta property=\"og:locale\" content=\"fr_FR\" \/>\n<meta property=\"og:type\" content=\"article\" \/>\n<meta property=\"og:title\" content=\"Accueil - Cyclo&#039;Nord\" \/>\n<meta property=\"og:description\" content=\"Le club de v\u00e9lo Cycl&#039;O Nord est une entreprise \u00e0 but non lucratif, dont la principale mission est d&#039;offrir \u00e0 ses membres une fa\u00e7on saine et non comp\u00e9titive de profiter du plein air par la pratique du v\u00e9lo de route.\" \/>\n<meta property=\"og:url\" content=\"https:\/\/www.cyclonord.org\/\" \/>\n<meta property=\"og:site_name\" content=\"Cyclo&#039;Nord\" \/>\n<meta property=\"article:publisher\" content=\"https:\/\/www.facebook.com\/cyclonord\" \/>\n<meta property=\"article:modified_time\" content=\"2025-01-28T16:21:02+00:00\" \/>\n<meta property=\"og:image\" content=\"https:\/\/www.cyclonord.org\/wp-content\/uploads\/2022\/01\/CycloNord-Header.jpg\" \/>\n\t<meta property=\"og:image:width\" content=\"1920\" \/>\n\t<meta property=\"og:image:height\" content=\"1280\" \/>\n\t<meta property=\"og:image:type\" content=\"image\/jpeg\" \/>\n<meta name=\"twitter:card\" content=\"summary_large_image\" \/>\n<script type=\"application\/ld+json\" class=\"yoast-schema-graph\">{\"@context\":\"https:\\\/\\\/schema.org\",\"@graph\":[{\"@type\":\"WebPage\",\"@id\":\"https:\\\/\\\/www.cyclonord.org\\\/\",\"url\":\"https:\\\/\\\/www.cyclonord.org\\\/\",\"name\":\"Accueil - Cyclo&#039;Nord\",\"isPartOf\":{\"@id\":\"https:\\\/\\\/www.cyclonord.org\\\/#website\"},\"datePublished\":\"2020-01-21T16:07:11+00:00\",\"dateModified\":\"2025-01-28T16:21:02+00:00\",\"description\":\"Le club de v\u00e9lo Cycl'O Nord est une entreprise \u00e0 but non lucratif, dont la principale mission est d'offrir \u00e0 ses membres une fa\u00e7on saine et non comp\u00e9titive de profiter du plein air par la pratique du v\u00e9lo de route.\",\"breadcrumb\":{\"@id\":\"https:\\\/\\\/www.cyclonord.org\\\/#breadcrumb\"},\"inLanguage\":\"fr-FR\",\"potentialAction\":[{\"@type\":\"ReadAction\",\"target\":[\"https:\\\/\\\/www.cyclonord.org\\\/\"]}]},{\"@type\":\"BreadcrumbList\",\"@id\":\"https:\\\/\\\/www.cyclonord.org\\\/#breadcrumb\",\"itemListElement\":[{\"@type\":\"ListItem\",\"position\":1,\"name\":\"Accueil\",\"item\":\"https:\\\/\\\/www.cyclonord.org\\\/\"},{\"@type\":\"ListItem\",\"position\":2,\"name\":\"Accueil\"}]},{\"@type\":\"WebSite\",\"@id\":\"https:\\\/\\\/www.cyclonord.org\\\/#website\",\"url\":\"https:\\\/\\\/www.cyclonord.org\\\/\",\"name\":\"Cyclo'Nord\",\"description\":\"\",\"publisher\":{\"@id\":\"https:\\\/\\\/www.cyclonord.org\\\/#organization\"},\"potentialAction\":[{\"@type\":\"SearchAction\",\"target\":{\"@type\":\"EntryPoint\",\"urlTemplate\":\"https:\\\/\\\/www.cyclonord.org\\\/?s={search_term_string}\"},\"query-input\":{\"@type\":\"PropertyValueSpecification\",\"valueRequired\":true,\"valueName\":\"search_term_string\"}}],\"inLanguage\":\"fr-FR\"},{\"@type\":\"Organization\",\"@id\":\"https:\\\/\\\/www.cyclonord.org\\\/#organization\",\"name\":\"Cyclo'Nord\",\"url\":\"https:\\\/\\\/www.cyclonord.org\\\/\",\"logo\":{\"@type\":\"ImageObject\",\"inLanguage\":\"fr-FR\",\"@id\":\"https:\\\/\\\/www.cyclonord.org\\\/#\\\/schema\\\/logo\\\/image\\\/\",\"url\":\"https:\\\/\\\/www.cyclonord.org\\\/wp-content\\\/uploads\\\/2022\\\/03\\\/og-cyclonord.jpg\",\"contentUrl\":\"https:\\\/\\\/www.cyclonord.org\\\/wp-content\\\/uploads\\\/2022\\\/03\\\/og-cyclonord.jpg\",\"width\":1748,\"height\":785,\"caption\":\"Cyclo'Nord\"},\"image\":{\"@id\":\"https:\\\/\\\/www.cyclonord.org\\\/#\\\/schema\\\/logo\\\/image\\\/\"},\"sameAs\":[\"https:\\\/\\\/www.facebook.com\\\/cyclonord\"]}]}<\/script>\n<!-- \/ Yoast SEO plugin. -->","yoast_head_json":{"title":"Accueil - Cyclo&#039;Nord","description":"Le club de v\u00e9lo Cycl'O Nord est une entreprise \u00e0 but non lucratif, dont la principale mission est d'offrir \u00e0 ses membres une fa\u00e7on saine et non comp\u00e9titive de profiter du plein air par la pratique du v\u00e9lo de route.","robots":{"index":"index","follow":"follow","max-snippet":"max-snippet:-1","max-image-preview":"max-image-preview:large","max-video-preview":"max-video-preview:-1"},"canonical":"https:\/\/www.cyclonord.org\/","og_locale":"fr_FR","og_type":"article","og_title":"Accueil - Cyclo&#039;Nord","og_description":"Le club de v\u00e9lo Cycl'O Nord est une entreprise \u00e0 but non lucratif, dont la principale mission est d'offrir \u00e0 ses membres une fa\u00e7on saine et non comp\u00e9titive de profiter du plein air par la pratique du v\u00e9lo de route.","og_url":"https:\/\/www.cyclonord.org\/","og_site_name":"Cyclo&#039;Nord","article_publisher":"https:\/\/www.facebook.com\/cyclonord","article_modified_time":"2025-01-28T16:21:02+00:00","og_image":[{"width":1920,"height":1280,"url":"https:\/\/www.cyclonord.org\/wp-content\/uploads\/2022\/01\/CycloNord-Header.jpg","type":"image\/jpeg"}],"twitter_card":"summary_large_image","schema":{"@context":"https:\/\/schema.org","@graph":[{"@type":"WebPage","@id":"https:\/\/www.cyclonord.org\/","url":"https:\/\/www.cyclonord.org\/","name":"Accueil - Cyclo&#039;Nord","isPartOf":{"@id":"https:\/\/www.cyclonord.org\/#website"},"datePublished":"2020-01-21T16:07:11+00:00","dateModified":"2025-01-28T16:21:02+00:00","description":"Le club de v\u00e9lo Cycl'O Nord est une entreprise \u00e0 but non lucratif, dont la principale mission est d'offrir \u00e0 ses membres une fa\u00e7on saine et non comp\u00e9titive de profiter du plein air par la pratique du v\u00e9lo de route.","breadcrumb":{"@id":"https:\/\/www.cyclonord.org\/#breadcrumb"},"inLanguage":"fr-FR","potentialAction":[{"@type":"ReadAction","target":["https:\/\/www.cyclonord.org\/"]}]},{"@type":"BreadcrumbList","@id":"https:\/\/www.cyclonord.org\/#breadcrumb","itemListElement":[{"@type":"ListItem","position":1,"name":"Accueil","item":"https:\/\/www.cyclonord.org\/"},{"@type":"ListItem","position":2,"name":"Accueil"}]},{"@type":"WebSite","@id":"https:\/\/www.cyclonord.org\/#website","url":"https:\/\/www.cyclonord.org\/","name":"Cyclo'Nord","description":"","publisher":{"@id":"https:\/\/www.cyclonord.org\/#organization"},"potentialAction":[{"@type":"SearchAction","target":{"@type":"EntryPoint","urlTemplate":"https:\/\/www.cyclonord.org\/?s={search_term_string}"},"query-input":{"@type":"PropertyValueSpecification","valueRequired":true,"valueName":"search_term_string"}}],"inLanguage":"fr-FR"},{"@type":"Organization","@id":"https:\/\/www.cyclonord.org\/#organization","name":"Cyclo'Nord","url":"https:\/\/www.cyclonord.org\/","logo":{"@type":"ImageObject","inLanguage":"fr-FR","@id":"https:\/\/www.cyclonord.org\/#\/schema\/logo\/image\/","url":"https:\/\/www.cyclonord.org\/wp-content\/uploads\/2022\/03\/og-cyclonord.jpg","contentUrl":"https:\/\/www.cyclonord.org\/wp-content\/uploads\/2022\/03\/og-cyclonord.jpg","width":1748,"height":785,"caption":"Cyclo'Nord"},"image":{"@id":"https:\/\/www.cyclonord.org\/#\/schema\/logo\/image\/"},"sameAs":["https:\/\/www.facebook.com\/cyclonord"]}]}},"_links":{"self":[{"href":"https:\/\/www.cyclonord.org\/index.php?rest_route=\/wp\/v2\/pages\/2","targetHints":{"allow":["GET"]}}],"collection":[{"href":"https:\/\/www.cyclonord.org\/index.php?rest_route=\/wp\/v2\/pages"}],"about":[{"href":"https:\/\/www.cyclonord.org\/index.php?rest_route=\/wp\/v2\/types\/page"}],"author":[{"embeddable":true,"href":"https:\/\/www.cyclonord.org\/index.php?rest_route=\/wp\/v2\/users\/3"}],"replies":[{"embeddable":true,"href":"https:\/\/www.cyclonord.org\/index.php?rest_route=%2Fwp%2Fv2%2Fcomments&post=2"}],"version-history":[{"count":70,"href":"https:\/\/www.cyclonord.org\/index.php?rest_route=\/wp\/v2\/pages\/2\/revisions"}],"predecessor-version":[{"id":1478,"href":"https:\/\/www.cyclonord.org\/index.php?rest_route=\/wp\/v2\/pages\/2\/revisions\/1478"}],"wp:attachment":[{"href":"https:\/\/www.cyclonord.org\/index.php?rest_route=%2Fwp%2Fv2%2Fmedia&parent=2"}],"curies":[{"name":"wp","href":"https:\/\/api.w.org\/{rel}","templated":true}]}}